{"id":66,"date":"2018-06-11T17:11:02","date_gmt":"2018-06-11T20:11:02","guid":{"rendered":"https:\/\/www.treinocorreto.com\/loja\/?post_type=product&#038;p=66"},"modified":"2024-12-18T21:56:43","modified_gmt":"2024-12-19T00:56:43","slug":"treino-correto","status":"publish","type":"product","link":"https:\/\/www.treinocorreto.com\/loja\/produto\/treino-correto\/","title":{"rendered":"Treino Correto"},"content":{"rendered":"","protected":false},"excerpt":{"rendered":"<h4>Turma de Novembro! Apenas 10 vagas!<\/h4>\n<h4>**Para fazer na academia ou na rua**<\/h4>\n<p><strong>Treinamento totalmente individualizado para quem melhorar seu rendimento e ter mais resultados na academia ou na rua\/parque.<\/strong><\/p>\n<p>Preencha nossa anamnese e, com base em suas respostas, iremos elaborar uma rotina de treinos para que possa treinar corretamente. Ficaremos \u00e0 disposi\u00e7\u00e3o online para tirar d\u00favidas, fazer altera\u00e7\u00f5es e acompanhar o progresso, visando atingir cada um de seus objetivos. O treino e o acompanhamento ser\u00e3o para um per\u00edodo de 1 m\u00eas.<\/p>\n<p>O pagamento ser\u00e1 debitado automaticamente de seu cart\u00e3o de cr\u00e9dito todos os meses e pode ser cancelado a qualquer momento.<\/p>\n","protected":false},"featured_media":188,"template":"","meta":{"_ppp_document_settings_meta":""},"product_brand":[],"product_cat":[22],"product_tag":[],"class_list":{"0":"post-66","1":"product","2":"type-product","3":"status-publish","4":"has-post-thumbnail","6":"product_cat-programas","8":"first","9":"instock","10":"featured","11":"sold-individually","12":"shipping-taxable","13":"product-type-external"},"_links":{"self":[{"href":"https:\/\/www.treinocorreto.com\/loja\/wp-json\/wp\/v2\/product\/66","targetHints":{"allow":["GET"]}}],"collection":[{"href":"https:\/\/www.treinocorreto.com\/loja\/wp-json\/wp\/v2\/product"}],"about":[{"href":"https:\/\/www.treinocorreto.com\/loja\/wp-json\/wp\/v2\/types\/product"}],"wp:featuredmedia":[{"embeddable":true,"href":"https:\/\/www.treinocorreto.com\/loja\/wp-json\/wp\/v2\/media\/188"}],"wp:attachment":[{"href":"https:\/\/www.treinocorreto.com\/loja\/wp-json\/wp\/v2\/media?parent=66"}],"wp:term":[{"taxonomy":"product_brand","embeddable":true,"href":"https:\/\/www.treinocorreto.com\/loja\/wp-json\/wp\/v2\/product_brand?post=66"},{"taxonomy":"product_cat","embeddable":true,"href":"https:\/\/www.treinocorreto.com\/loja\/wp-json\/wp\/v2\/product_cat?post=66"},{"taxonomy":"product_tag","embeddable":true,"href":"https:\/\/www.treinocorreto.com\/loja\/wp-json\/wp\/v2\/product_tag?post=66"}],"curies":[{"name":"wp","href":"https:\/\/api.w.org\/{rel}","templated":true}]}}